{"id":21671,"date":"2021-06-30T12:47:03","date_gmt":"2021-06-30T12:47:03","guid":{"rendered":"https:\/\/www.comin-joieriacreativa.com\/?page_id=21671"},"modified":"2025-07-29T16:39:29","modified_gmt":"2025-07-29T14:39:29","slug":"politica-de-cookies","status":"publish","type":"page","link":"https:\/\/dev.comin.clupes.com\/es\/politica-de-cookies\/","title":{"rendered":"Pol\u00edtica de cookies"},"content":{"rendered":"[vc_row type=\u00bbin_container\u00bb full_screen_row_position=\u00bbmiddle\u00bb column_margin=\u00bbdefault\u00bb column_direction=\u00bbdefault\u00bb column_direction_tablet=\u00bbdefault\u00bb column_direction_phone=\u00bbdefault\u00bb scene_position=\u00bbcenter\u00bb text_color=\u00bbdark\u00bb text_align=\u00bbleft\u00bb row_border_radius=\u00bbnone\u00bb row_border_radius_applies=\u00bbbg\u00bb overflow=\u00bbvisible\u00bb overlay_strength=\u00bb0.3&#8243; gradient_direction=\u00bbleft_to_right\u00bb shape_divider_position=\u00bbbottom\u00bb bg_image_animation=\u00bbnone\u00bb][vc_column column_padding=\u00bbno-extra-padding\u00bb column_padding_tablet=\u00bbinherit\u00bb column_padding_phone=\u00bbinherit\u00bb column_padding_position=\u00bball\u00bb column_element_direction_desktop=\u00bbdefault\u00bb column_element_spacing=\u00bbdefault\u00bb desktop_text_alignment=\u00bbdefault\u00bb tablet_text_alignment=\u00bbdefault\u00bb phone_text_alignment=\u00bbdefault\u00bb background_color_opacity=\u00bb1&#8243; background_hover_color_opacity=\u00bb1&#8243; column_backdrop_filter=\u00bbnone\u00bb column_shadow=\u00bbnone\u00bb column_border_radius=\u00bbnone\u00bb column_link_target=\u00bb_self\u00bb column_position=\u00bbdefault\u00bb gradient_direction=\u00bbleft_to_right\u00bb overlay_strength=\u00bb0.3&#8243; width=\u00bb5\/6&#8243; tablet_width_inherit=\u00bbdefault\u00bb animation_type=\u00bbdefault\u00bb bg_image_animation=\u00bbnone\u00bb border_type=\u00bbsimple\u00bb column_border_width=\u00bbnone\u00bb column_border_style=\u00bbsolid\u00bb offset=\u00bbvc_col-lg-offset-1&#8243;][vc_column_text]\n<p><\/p>\n<h4>POL\u00cdTICA DE COOKIES<\/h4>\n<p>&nbsp;<\/p>\n<p><strong>INFORMACI\u00d3N SOBRE COOKIES<\/strong><\/p>\n<p>Debido a la entrada en vigor de la referente modificaci\u00f3n de la \u00abLey de Servicios de la Sociedad de la Informaci\u00f3n\u00bb (LSSICE) establecida por el Real Decreto 13\/2012, es de obligaci\u00f3n obtener el consentimiento expreso del usuario de todas las p\u00e1ginas web que usan cookies prescindibles, antes de que \u00e9ste navegue por ellas.<\/p>\n<p>&nbsp;<\/p>\n<p><strong>\u00bfQU\u00c9 SON LAS COOKIES?<\/strong><\/p>\n<p>Las cookies y otras tecnolog\u00edas similares como local shared objects, flash cookies o p\u00edxeles, son herramientas utilizadas por los servidores web para almacenar y recuperar informaci\u00f3n sobre sus visitantes, as\u00ed como para ofrecer un correcto funcionamiento del sitio.<\/p>\n<p>Utilizamos cookies propias y de terceros para mejorar nuestros servicios, personalizar nuestro sitio web, facilitar la navegaci\u00f3n de nuestros usuarios, proporcionarle una mejor experiencia en el uso de la p\u00e1gina web, identificar problemas para mejorar el mismo, realizar mediciones y estad\u00edsticas de uso y mostrarle publicidad relacionada con sus preferencias mediante el an\u00e1lisis del uso de la p\u00e1gina web.<br \/><strong>Consentimiento<\/strong><\/p>\n<p>Le informamos que podemos utilizar cookies en su equipo a condici\u00f3n de que Usted haya dado su consentimiento, excepto en los supuestos en que las cookies sean necesarias para la navegaci\u00f3n por nuestro sitio web.<\/p>\n<p>&nbsp;<\/p>\n<p><strong>En funci\u00f3n de su duraci\u00f3n las cookies pueden ser:<\/strong><\/p>\n<ul>\n<li>De sesi\u00f3n: Son un tipo de cookies dise\u00f1adas para pedir y almacenar datos mientras el usuario accede a una p\u00e1gina web. Estas cookies no quedan almacenadas en el ordenador del usuario cuando caduca la sesi\u00f3n o \u00e9ste cierra el navegador.<\/li>\n<li>Persistentes: Son un tipo de cookies en las que los datos siguen almacenados en el ordenador del usuario y pueden ser accedidos y tratados cuando el usuario abandona la p\u00e1gina web y cuando se vuelva a conectar a ellos. Estas cookies pueden ser borradas en cualquier momento por el Usuario.<\/li>\n<\/ul>\n<p><strong>En funci\u00f3n de la entidad que las gestione:<\/strong><\/p>\n<ul>\n<li>Cookies propias: Son aquellas que se env\u00edan al equipo terminal del usuario desde un equipo o dominio gestionado por el titular de la p\u00e1gina web y desde la que se presta el servicio solicitado por el usuario.<\/li>\n<li>Cookies de tercero: Son aquellas que se env\u00edan al equipo terminal del usuario desde un equipo o dominio que no es gestionado por el titular de la p\u00e1gina web desde la que se presta el servicio solicitado por el usuario, sino por otra entidad que trata los datos obtenidos mediante las cookies. gestionada por un tercero, tambi\u00e9n ser\u00e1n consideradas como cookies de terceros.<\/li>\n<\/ul>\n<p><strong>Seg\u00fan la finalidad perseguida:<\/strong><\/p>\n<ul>\n<li>Cookies t\u00e9cnicas: Son aquellas que permiten al usuario la navegaci\u00f3n a trav\u00e9s de una p\u00e1gina web, plataforma o aplicaci\u00f3n y la utilizaci\u00f3n de las diferentes opciones o servicios que en ella haya como, por ejemplo, controlar el tr\u00e1fico y la comunicaci\u00f3n de datos, identificar la sesi\u00f3n, acceder a partes de acceso restringido, recordar los elementos que integran un pedido, realizar el proceso de compra de un pedido, realizar la solicitud de inscripci\u00f3n, realizar la solicitud de inscripci\u00f3n a la difusi\u00f3n de v\u00eddeos o sonido o compartir contenidos a trav\u00e9s de redes sociales.<\/li>\n<li>Cookies de Geolocalizaci\u00f3n: Se utilizan para saber en qu\u00e9 sitio se encuentra un usuario cuando solicita un servicio. Esta cookie es an\u00f3nima y se usa por ejemplo para ofrecerle la informaci\u00f3n adecuada dependiendo de pa\u00eds en el que se encuentre.<\/li>\n<li>Cookies de personalizaci\u00f3n: Son aquellas que permiten al usuario acceder al servicio con algunas caracter\u00edsticas de car\u00e1cter general predefinidas en funci\u00f3n de una serie de criterios en el terminal del usuario tales como el idioma, el tipo de navegador a trav\u00e9s del cual accede al servicio, la configuraci\u00f3n regional desde donde se accede al servicio, etc.<\/li>\n<li>Cookies de an\u00e1lisis: Son aquellas que permiten al responsable de las mismas, el seguimiento y an\u00e1lisis del comportamiento de los usuarios del sitio web al que est\u00e1n vinculadas.<\/li>\n<li>Cookies publicitarias: Son aquellas que permiten gestionar de la forma m\u00e1s eficaz posible la oferta de los espacios publicitarios que existen en la p\u00e1gina web, adecuando el contenido del anuncio al contenido del servicio solicitado o al uso que haga de nuestra p\u00e1gina web.<\/li>\n<li>Cookies de publicidad comportamental: Son aquellas que permiten la gesti\u00f3n, de la forma m\u00e1s eficaz posible, de los espacios publicitarios que existen en la p\u00e1gina web. Estas cookies almacenan informaci\u00f3n del comportamiento de los usuarios obtenida a trav\u00e9s de la observaci\u00f3n continua de sus h\u00e1bitos de navegaci\u00f3n, lo que permite desarrollar un perfil espec\u00edfico para mostrar publicidad en funci\u00f3n de la misma.<\/li>\n<\/ul>\n<p>&nbsp;<\/p>\n<p><strong>COOKIES QUE UTILIZAN EN ESTE SITIO WEB<\/strong>[\/vc_column_text][divider line_type=\u00bbNo Line\u00bb][vc_raw_html css=\u00bb\u00bb]PHNjcmlwdCB0eXBlPSJ0ZXh0L2phdmFzY3JpcHQiIGNoYXJzZXQ9IlVURi04IiBkYXRhLWNvb2tpZXNjcmlwdHJlcG9ydD0icmVwb3J0IiBzcmM9Ii8vcmVwb3J0LmNvb2tpZS1zY3JpcHQuY29tL3IvNzM3NDVhZWQzZGQ0YmQ0YmI3M2ZhODA0ZGE5NjJmYWYuanMiPjwvc2NyaXB0Pg==[\/vc_raw_html][divider line_type=\u00bbNo Line\u00bb][vc_column_text]<strong>DESACTIVACI\u00d3N DE LAS COOKIES<\/strong><\/p>\n<p>La desactivaci\u00f3n de las cookies no impide la navegaci\u00f3n por el sitio web, aunque el uso de algunos de sus servicios podr\u00e1 ser limitado y, por tanto, su experiencia de navegaci\u00f3n puede ser menos satisfactoria.<\/p>\n<p>El usuario puede, en cualquier momento, permitir, bloquear o eliminar las cookies instaladas en su equipo mediante la modificaci\u00f3n de los par\u00e1metros de configuraci\u00f3n del navegador en su ordenador.<\/p>\n<p>&nbsp;<\/p>\n<p><strong>C\u00d3MO ELIMINAR LAS COOKIES<\/strong><\/p>\n<p>&nbsp;<\/p>\n<p><strong>Chrome<\/strong><\/p>\n<ol>\n<li>Haga clic en Configuraci\u00f3n.<\/li>\n<li>Haz clic en Mostrar Opciones Avanzadas.<\/li>\n<li>En la secci\u00f3n \u00abPrivacidad\u00bb haz clic en Configuraci\u00f3n de contenido.<\/li>\n<li>Eliminar cookies: Haz clic en Todas las cookies y datos del sitio.<\/li>\n<li>No permitir que se almacenen cookies.<\/li>\n<li>Haz clic en Eliminar los datos de navegaci\u00f3n (vaciar la Memoria cach\u00e9).<\/li>\n<li>Cierra y reinicia el navegador.<\/li>\n<\/ol>\n<p>Para m\u00e1s informaci\u00f3n sobre Chrome pulse aqu\u00ed <a href=\"http:\/\/support.google.com\/chrome\/answer\/95647?hl=es\" target=\"_blank\" rel=\"noopener\">http:\/\/support.google.com\/chrome\/answer\/95647?hl=es<\/a><\/p>\n<p>&nbsp;<\/p>\n<p><strong>Internet Explorer. Versi\u00f3n 11<\/strong><\/p>\n<ol>\n<li>Selecciona Herramientas | Opciones de Internet.<\/li>\n<li>Haz clic en la pesta\u00f1a General.<\/li>\n<li>En la secci\u00f3n \u00abHistorial de exploraci\u00f3n\u00bb, haz clic en Eliminar el historial de navegaci\u00f3n al salir.<\/li>\n<li>Seleccionar Eliminar archivos.<\/li>\n<li>Seleccionar Eliminar cookies.<\/li>\n<li>Haz clic en Eliminar.<\/li>\n<li>Haz clic en Aceptar.<\/li>\n<li>Cierra y reinicia el navegador.<\/li>\n<\/ol>\n<p>Para m\u00e1s informaci\u00f3n sobre Internet Explorer pulse aqu\u00ed: <a href=\"http:\/\/windows.microsoft.com\/es-419\/windows7\/how-to -manage-cookies-in-internet-explorer-9\" target=\"_blank\" rel=\"noopener\">http:\/\/windows.microsoft.com\/es-419\/windows7\/how-to -manage-cookies-in-internet-explorer-9<\/a><\/p>\n<p>&nbsp;<\/p>\n<p><strong>Firefox. Versi\u00f3 18<\/strong><\/p>\n<ol>\n<li>Selecciona Firefox | hist\u00f3rico | Limpieza el historial reciente.<\/li>\n<li>En el lado de \u00abDetalles\u00bb, haz clic en la flecha hacia abajo.<\/li>\n<li>Selecciona las siguientes casillas de verificaci\u00f3n: Cookies, Cach\u00e9, Inicios de Sesi\u00f3n activos.<\/li>\n<li>Usando el \u00abPeriodo de tiempo para borrar\u00bb en el men\u00fa desplegable, selecciona Todo.<\/li>\n<li>Haga clic en Limpieza ahora.<\/li>\n<li>Cierra y reinicia el navegador.<\/li>\n<\/ol>\n<p>Puede aceptar o rechazar las cookies individualmente en las Preferencias de Firefox, en la secci\u00f3n Historial disponible en Herramientas&gt; Opciones&gt; Privacidad<\/p>\n<p>Para m\u00e1s informaci\u00f3n sobre Mozilla Firefox pulse aqu\u00ed: <a href=\"https:\/\/www.mozilla.org\/es-ES\/privacy\/websites\/#cookies\" target=\"_blank\" rel=\"noopener\">https:\/\/www.mozilla.org\/es-ES\/privacy\/websites\/#cookies<\/a><\/p>\n<p>&nbsp;<\/p>\n<p><strong>Safari. Versi\u00f3n 5.1<\/strong><\/p>\n<ol>\n<li>Selecciona el icono de Safari \/ Editar | Restaurar Safari.<\/li>\n<li>Selecciona las siguientes casillas de verificaci\u00f3n: Borrar el historial, Eliminar todos los datos de sitio web.<\/li>\n<li>Haz clic en Restablecer.<\/li>\n<li>Cierra y reinicia el navegador.<\/li>\n<\/ol>\n<p>Para m\u00e1s informaci\u00f3n sobre Safari pulse aqu\u00ed: <a href=\"http:\/\/support.apple.com\/kb\/PH5042\" target=\"_blank\" rel=\"noopener\">http:\/\/support.apple.com\/kb\/PH5042<\/a><\/p>\n<p>&nbsp;<\/p>\n<p><strong>Opera<\/strong><\/p>\n<p>Opciones &#8211; Avanzado &#8211; Cookies.<\/p>\n<p>Las opciones de cookies controlan la forma en que Opera los maneja y por tanto su aceptaci\u00f3n o rechazo.<\/p>\n<p>Para m\u00e1s informaci\u00f3n sobre \u00d3pera pulse aqu\u00ed: <a href=\"http:\/\/help.opera.com\/Linux\/10.60\/es-ES\/cookies.html\">http:\/\/help.opera.com\/Linux\/10.60\/es-ES\/cookies.html<\/a><\/p>\n<p>&nbsp;<\/p>\n<p><strong>Otros navegadores<\/strong><\/p>\n<p>Consulte la documentaci\u00f3n del navegador que tenga instalado.<\/p>\n<p>&nbsp;<\/p>\n<p>&nbsp;[\/vc_column_text][\/vc_column][\/vc_row]\n","protected":false},"excerpt":{"rendered":"<p>[vc_row type=\u00bbin_container\u00bb full_screen_row_position=\u00bbmiddle\u00bb column_margin=\u00bbdefault\u00bb column_direction=\u00bbdefault\u00bb column_direction_tablet=\u00bbdefault\u00bb column_direction_phone=\u00bbdefault\u00bb scene_position=\u00bbcenter\u00bb text_color=\u00bbdark\u00bb text_align=\u00bbleft\u00bb row_border_radius=\u00bbnone\u00bb row_border_radius_applies=\u00bbbg\u00bb overflow=\u00bbvisible\u00bb overlay_strength=\u00bb0.3&#8243; gradient_direction=\u00bbleft_to_right\u00bb shape_divider_position=\u00bbbottom\u00bb bg_image_animation=\u00bbnone\u00bb][vc_column column_padding=\u00bbno-extra-padding\u00bb column_padding_tablet=\u00bbinherit\u00bb column_padding_phone=\u00bbinherit\u00bb column_padding_position=\u00bball\u00bb column_element_direction_desktop=\u00bbdefault\u00bb column_element_spacing=\u00bbdefault\u00bb desktop_text_alignment=\u00bbdefault\u00bb tablet_text_alignment=\u00bbdefault\u00bb phone_text_alignment=\u00bbdefault\u00bb background_color_opacity=\u00bb1&#8243; background_hover_color_opacity=\u00bb1&#8243; column_backdrop_filter=\u00bbnone\u00bb column_shadow=\u00bbnone\u00bb&#8230;<\/p>\n","protected":false},"author":1,"featured_media":0,"parent":0,"menu_order":0,"comment_status":"closed","ping_status":"closed","template":"","meta":{"inline_featured_image":false,"_joinchat":[],"footnotes":""},"class_list":["post-21671","page","type-page","status-publish"],"yoast_head":"<!-- This site is optimized with the Yoast SEO plugin v27.3 - https:\/\/yoast.com\/product\/yoast-seo-wordpress\/ -->\n<title>Pol\u00edtica de privacidad | Com\u00edn - joyer\u00eda creativa<\/title>\n<meta name=\"description\" content=\"Venta y creaci\u00f3n de joyas en Barcelona. Joyas de dise\u00f1o exclusivo y moderno.\" \/>\n<meta name=\"robots\" content=\"noindex, follow\" \/>\n<meta property=\"og:locale\" content=\"es_ES\" \/>\n<meta property=\"og:type\" content=\"article\" \/>\n<meta property=\"og:title\" content=\"Pol\u00edtica de privacidad | Com\u00edn - joyer\u00eda creativa\" \/>\n<meta property=\"og:description\" content=\"Venta y creaci\u00f3n de joyas en Barcelona. Joyas de dise\u00f1o exclusivo y moderno.\" \/>\n<meta property=\"og:url\" content=\"https:\/\/dev.comin.clupes.com\/es\/politica-de-cookies\/\" \/>\n<meta property=\"og:site_name\" content=\"Comin Joieria Creativa\" \/>\n<meta property=\"article:publisher\" content=\"https:\/\/www.facebook.com\/lluis.comin.joieria.creativa\/\" \/>\n<meta property=\"article:modified_time\" content=\"2025-07-29T14:39:29+00:00\" \/>\n<meta property=\"og:image\" content=\"https:\/\/dev.comin.clupes.com\/wp-content\/uploads\/2018\/03\/logo@2x.png\" \/>\n\t<meta property=\"og:image:width\" content=\"600\" \/>\n\t<meta property=\"og:image:height\" content=\"279\" \/>\n\t<meta property=\"og:image:type\" content=\"image\/png\" \/>\n<meta name=\"twitter:card\" content=\"summary_large_image\" \/>\n<meta name=\"twitter:label1\" content=\"Tiempo de lectura\" \/>\n\t<meta name=\"twitter:data1\" content=\"6 minutos\" \/>\n<script type=\"application\/ld+json\" class=\"yoast-schema-graph\">{\"@context\":\"https:\\\/\\\/schema.org\",\"@graph\":[{\"@type\":\"WebPage\",\"@id\":\"https:\\\/\\\/dev.comin.clupes.com\\\/es\\\/politica-de-cookies\\\/\",\"url\":\"https:\\\/\\\/dev.comin.clupes.com\\\/es\\\/politica-de-cookies\\\/\",\"name\":\"Pol\u00edtica de privacidad | Com\u00edn - joyer\u00eda creativa\",\"isPartOf\":{\"@id\":\"https:\\\/\\\/dev.comin.clupes.com\\\/es\\\/#website\"},\"datePublished\":\"2021-06-30T12:47:03+00:00\",\"dateModified\":\"2025-07-29T14:39:29+00:00\",\"description\":\"Venta y creaci\u00f3n de joyas en Barcelona. Joyas de dise\u00f1o exclusivo y moderno.\",\"breadcrumb\":{\"@id\":\"https:\\\/\\\/dev.comin.clupes.com\\\/es\\\/politica-de-cookies\\\/#breadcrumb\"},\"inLanguage\":\"es\",\"potentialAction\":[{\"@type\":\"ReadAction\",\"target\":[\"https:\\\/\\\/dev.comin.clupes.com\\\/es\\\/politica-de-cookies\\\/\"]}]},{\"@type\":\"BreadcrumbList\",\"@id\":\"https:\\\/\\\/dev.comin.clupes.com\\\/es\\\/politica-de-cookies\\\/#breadcrumb\",\"itemListElement\":[{\"@type\":\"ListItem\",\"position\":1,\"name\":\"Portada\",\"item\":\"https:\\\/\\\/dev.comin.clupes.com\\\/es\\\/\"},{\"@type\":\"ListItem\",\"position\":2,\"name\":\"Pol\u00edtica de cookies\"}]},{\"@type\":\"WebSite\",\"@id\":\"https:\\\/\\\/dev.comin.clupes.com\\\/es\\\/#website\",\"url\":\"https:\\\/\\\/dev.comin.clupes.com\\\/es\\\/\",\"name\":\"Comin Joieria Creativa\",\"description\":\"Joieria creativa d&#039;autor a Barcelona\",\"publisher\":{\"@id\":\"https:\\\/\\\/dev.comin.clupes.com\\\/es\\\/#organization\"},\"alternateName\":\"Comin Joieria\",\"potentialAction\":[{\"@type\":\"SearchAction\",\"target\":{\"@type\":\"EntryPoint\",\"urlTemplate\":\"https:\\\/\\\/dev.comin.clupes.com\\\/es\\\/?s={search_term_string}\"},\"query-input\":{\"@type\":\"PropertyValueSpecification\",\"valueRequired\":true,\"valueName\":\"search_term_string\"}}],\"inLanguage\":\"es\"},{\"@type\":\"Organization\",\"@id\":\"https:\\\/\\\/dev.comin.clupes.com\\\/es\\\/#organization\",\"name\":\"Com\u00edn - Joieria Creativa\",\"alternateName\":\"Com\u00edn Joieria\",\"url\":\"https:\\\/\\\/dev.comin.clupes.com\\\/es\\\/\",\"logo\":{\"@type\":\"ImageObject\",\"inLanguage\":\"es\",\"@id\":\"https:\\\/\\\/dev.comin.clupes.com\\\/es\\\/#\\\/schema\\\/logo\\\/image\\\/\",\"url\":\"https:\\\/\\\/dev.comin.clupes.com\\\/wp-content\\\/uploads\\\/2018\\\/03\\\/logo.png\",\"contentUrl\":\"https:\\\/\\\/dev.comin.clupes.com\\\/wp-content\\\/uploads\\\/2018\\\/03\\\/logo.png\",\"width\":300,\"height\":139,\"caption\":\"Com\u00edn - Joieria Creativa\"},\"image\":{\"@id\":\"https:\\\/\\\/dev.comin.clupes.com\\\/es\\\/#\\\/schema\\\/logo\\\/image\\\/\"},\"sameAs\":[\"https:\\\/\\\/www.facebook.com\\\/lluis.comin.joieria.creativa\\\/\",\"https:\\\/\\\/www.instagram.com\\\/comin_joieria_creativa\\\/\",\"https:\\\/\\\/www.youtube.com\\\/channel\\\/UC05kKu56LG4wNvrlhTqvsvA\",\"https:\\\/\\\/es.pinterest.com\\\/cominjoieriacreativa\\\/\"]}]}<\/script>\n<!-- \/ Yoast SEO plugin. -->","yoast_head_json":{"title":"Pol\u00edtica de privacidad | Com\u00edn - joyer\u00eda creativa","description":"Venta y creaci\u00f3n de joyas en Barcelona. Joyas de dise\u00f1o exclusivo y moderno.","robots":{"index":"noindex","follow":"follow"},"og_locale":"es_ES","og_type":"article","og_title":"Pol\u00edtica de privacidad | Com\u00edn - joyer\u00eda creativa","og_description":"Venta y creaci\u00f3n de joyas en Barcelona. Joyas de dise\u00f1o exclusivo y moderno.","og_url":"https:\/\/dev.comin.clupes.com\/es\/politica-de-cookies\/","og_site_name":"Comin Joieria Creativa","article_publisher":"https:\/\/www.facebook.com\/lluis.comin.joieria.creativa\/","article_modified_time":"2025-07-29T14:39:29+00:00","og_image":[{"width":600,"height":279,"url":"https:\/\/dev.comin.clupes.com\/wp-content\/uploads\/2018\/03\/logo@2x.png","type":"image\/png"}],"twitter_card":"summary_large_image","twitter_misc":{"Tiempo de lectura":"6 minutos"},"schema":{"@context":"https:\/\/schema.org","@graph":[{"@type":"WebPage","@id":"https:\/\/dev.comin.clupes.com\/es\/politica-de-cookies\/","url":"https:\/\/dev.comin.clupes.com\/es\/politica-de-cookies\/","name":"Pol\u00edtica de privacidad | Com\u00edn - joyer\u00eda creativa","isPartOf":{"@id":"https:\/\/dev.comin.clupes.com\/es\/#website"},"datePublished":"2021-06-30T12:47:03+00:00","dateModified":"2025-07-29T14:39:29+00:00","description":"Venta y creaci\u00f3n de joyas en Barcelona. Joyas de dise\u00f1o exclusivo y moderno.","breadcrumb":{"@id":"https:\/\/dev.comin.clupes.com\/es\/politica-de-cookies\/#breadcrumb"},"inLanguage":"es","potentialAction":[{"@type":"ReadAction","target":["https:\/\/dev.comin.clupes.com\/es\/politica-de-cookies\/"]}]},{"@type":"BreadcrumbList","@id":"https:\/\/dev.comin.clupes.com\/es\/politica-de-cookies\/#breadcrumb","itemListElement":[{"@type":"ListItem","position":1,"name":"Portada","item":"https:\/\/dev.comin.clupes.com\/es\/"},{"@type":"ListItem","position":2,"name":"Pol\u00edtica de cookies"}]},{"@type":"WebSite","@id":"https:\/\/dev.comin.clupes.com\/es\/#website","url":"https:\/\/dev.comin.clupes.com\/es\/","name":"Comin Joieria Creativa","description":"Joieria creativa d&#039;autor a Barcelona","publisher":{"@id":"https:\/\/dev.comin.clupes.com\/es\/#organization"},"alternateName":"Comin Joieria","potentialAction":[{"@type":"SearchAction","target":{"@type":"EntryPoint","urlTemplate":"https:\/\/dev.comin.clupes.com\/es\/?s={search_term_string}"},"query-input":{"@type":"PropertyValueSpecification","valueRequired":true,"valueName":"search_term_string"}}],"inLanguage":"es"},{"@type":"Organization","@id":"https:\/\/dev.comin.clupes.com\/es\/#organization","name":"Com\u00edn - Joieria Creativa","alternateName":"Com\u00edn Joieria","url":"https:\/\/dev.comin.clupes.com\/es\/","logo":{"@type":"ImageObject","inLanguage":"es","@id":"https:\/\/dev.comin.clupes.com\/es\/#\/schema\/logo\/image\/","url":"https:\/\/dev.comin.clupes.com\/wp-content\/uploads\/2018\/03\/logo.png","contentUrl":"https:\/\/dev.comin.clupes.com\/wp-content\/uploads\/2018\/03\/logo.png","width":300,"height":139,"caption":"Com\u00edn - Joieria Creativa"},"image":{"@id":"https:\/\/dev.comin.clupes.com\/es\/#\/schema\/logo\/image\/"},"sameAs":["https:\/\/www.facebook.com\/lluis.comin.joieria.creativa\/","https:\/\/www.instagram.com\/comin_joieria_creativa\/","https:\/\/www.youtube.com\/channel\/UC05kKu56LG4wNvrlhTqvsvA","https:\/\/es.pinterest.com\/cominjoieriacreativa\/"]}]}},"_links":{"self":[{"href":"https:\/\/dev.comin.clupes.com\/es\/wp-json\/wp\/v2\/pages\/21671","targetHints":{"allow":["GET"]}}],"collection":[{"href":"https:\/\/dev.comin.clupes.com\/es\/wp-json\/wp\/v2\/pages"}],"about":[{"href":"https:\/\/dev.comin.clupes.com\/es\/wp-json\/wp\/v2\/types\/page"}],"author":[{"embeddable":true,"href":"https:\/\/dev.comin.clupes.com\/es\/wp-json\/wp\/v2\/users\/1"}],"replies":[{"embeddable":true,"href":"https:\/\/dev.comin.clupes.com\/es\/wp-json\/wp\/v2\/comments?post=21671"}],"version-history":[{"count":0,"href":"https:\/\/dev.comin.clupes.com\/es\/wp-json\/wp\/v2\/pages\/21671\/revisions"}],"wp:attachment":[{"href":"https:\/\/dev.comin.clupes.com\/es\/wp-json\/wp\/v2\/media?parent=21671"}],"curies":[{"name":"wp","href":"https:\/\/api.w.org\/{rel}","templated":true}]}}